{"id":54,"date":"2020-06-22T12:25:37","date_gmt":"2020-06-22T12:25:37","guid":{"rendered":"https:\/\/vasaror.fi\/?page_id=54"},"modified":"2020-06-23T08:58:42","modified_gmt":"2020-06-23T08:58:42","slug":"fullstandiga-vvs-arbeten-taydellisia-lvi-toita-vasa-korsholm-vora-suomi","status":"publish","type":"page","link":"https:\/\/vasaror.fi\/","title":{"rendered":"T\u00e4ydellisi\u00e4 LVI-t\u00f6it\u00e4 | Vaasa, Mustasaari, V\u00f6yri"},"content":{"rendered":"\n<h2 class=\"wp-block-heading\">Hei ja tervetuloa VASAR\u00d6R:in kotisivuille!<\/h2>\n\n\n\n<p>Me VASAR\u00d6R Ab:ll\u00e4 teemme t\u00e4ydellist\u00e4 LVI-palvelua. Teemme ty\u00f6t vakavasti ja kunnianhimoisesti. Ja tavoitteena on laatuty\u00f6. Meill\u00e4 on pitk\u00e4 kokemus erilaisten LVI- ja ilmanvaihtot\u00f6iss\u00e4. Lopputuloksemme on aina laadukas ty\u00f6.<\/p>\n\n\n\n<figure class=\"wp-block-image alignwide size-large\"><img loading=\"lazy\" decoding=\"async\" width=\"1024\" height=\"534\" src=\"https:\/\/vasaror.fi\/wp-content\/uploads\/2020\/06\/vasaror-1024x534.jpg\" alt=\"\" class=\"wp-image-120\" srcset=\"https:\/\/vasaror.fi\/wp-content\/uploads\/2020\/06\/vasaror-1024x534.jpg 1024w, https:\/\/vasaror.fi\/wp-content\/uploads\/2020\/06\/vasaror-300x156.jpg 300w, https:\/\/vasaror.fi\/wp-content\/uploads\/2020\/06\/vasaror-768x401.jpg 768w, https:\/\/vasaror.fi\/wp-content\/uploads\/2020\/06\/vasaror-1200x626.jpg 1200w, https:\/\/vasaror.fi\/wp-content\/uploads\/2020\/06\/vasaror.jpg 1438w\" sizes=\"auto, (max-width: 1024px) 100vw, 1024px\" \/><\/figure>\n\n\n\n<h2 class=\"wp-block-heading\">Tietoa meist\u00e4<\/h2>\n\n\n\n<p>Yhti\u00f6 Vasar\u00f6r Ab perustui vuonna 2009. Joakim ja Ronny ovat pit\u00e4neet omia yrityksi\u00e4 jo kymmenen vuotta taaksep\u00e4in, yhdess\u00e4 he perustivat Vasar\u00f6r Ab.<\/p>\n\n\n\n<p>Yritys ty\u00f6llist\u00e4\u00e4 9 ihmist\u00e4. Ty\u00f6kohteisiimme kuuluu p\u00e4\u00e4s\u00e4\u00e4nt\u00f6isesti omakotitalot. Teemme uusasennuksia ja muita palveluita. Meid\u00e4n saavutuksissa on yli 350 uusrakennusta.<\/p>\n\n\n\n<p>Pyrimme aina tekem\u00e4\u00e4n kokonaisratkaisua LVI- ja ilmanvaihtot\u00f6iss\u00e4 avaimet k\u00e4teen -palveluna asiakkaallemme.<\/p>\n\n\n\n<p><a href=\"https:\/\/vasaror.fi\/?page_id=66\">Ota yhteytt\u00e4!<\/a><\/p>\n\n\n\n<figure class=\"wp-block-gallery aligncenter columns-2 is-cropped wp-block-gallery-1 is-layout-flex wp-block-gallery-is-layout-flex\"><ul class=\"blocks-gallery-grid\"><li class=\"blocks-gallery-item\"><figure><img loading=\"lazy\" decoding=\"async\" width=\"860\" height=\"480\" src=\"https:\/\/vasaror.fi\/wp-content\/uploads\/2020\/06\/csm_3031f_2017__inspera_romantic_kitchen_860x480_47acf0db77.jpg\" alt=\"\" data-id=\"32\" data-full-url=\"https:\/\/vasaror.fi\/wp-content\/uploads\/2020\/06\/csm_3031f_2017__inspera_romantic_kitchen_860x480_47acf0db77.jpg\" data-link=\"https:\/\/vasaror.fi\/?attachment_id=32\" class=\"wp-image-32\" srcset=\"https:\/\/vasaror.fi\/wp-content\/uploads\/2020\/06\/csm_3031f_2017__inspera_romantic_kitchen_860x480_47acf0db77.jpg 860w, https:\/\/vasaror.fi\/wp-content\/uploads\/2020\/06\/csm_3031f_2017__inspera_romantic_kitchen_860x480_47acf0db77-300x167.jpg 300w, https:\/\/vasaror.fi\/wp-content\/uploads\/2020\/06\/csm_3031f_2017__inspera_romantic_kitchen_860x480_47acf0db77-768x429.jpg 768w\" sizes=\"auto, (max-width: 860px) 100vw, 860px\" \/><\/figure><\/li><li class=\"blocks-gallery-item\"><figure><img loading=\"lazy\" decoding=\"async\" width=\"1000\" height=\"562\" src=\"https:\/\/vasaror.fi\/wp-content\/uploads\/2020\/06\/img_20151208_151311.jpg\" alt=\"\" data-id=\"34\" data-full-url=\"https:\/\/vasaror.fi\/wp-content\/uploads\/2020\/06\/img_20151208_151311.jpg\" data-link=\"https:\/\/vasaror.fi\/?attachment_id=34\" class=\"wp-image-34\" srcset=\"https:\/\/vasaror.fi\/wp-content\/uploads\/2020\/06\/img_20151208_151311.jpg 1000w, https:\/\/vasaror.fi\/wp-content\/uploads\/2020\/06\/img_20151208_151311-300x169.jpg 300w, https:\/\/vasaror.fi\/wp-content\/uploads\/2020\/06\/img_20151208_151311-768x432.jpg 768w\" sizes=\"auto, (max-width: 1000px) 100vw, 1000px\" \/><\/figure><\/li><\/ul><\/figure>\n","protected":false},"excerpt":{"rendered":"<p>Hei ja tervetuloa VASAR\u00d6R:in kotisivuille! Me VASAR\u00d6R Ab:ll\u00e4 teemme t\u00e4ydellist\u00e4 LVI-palvelua. Teemme ty\u00f6t vakavasti ja kunnianhimoisesti. Ja tavoitteena on laatuty\u00f6. Meill\u00e4 on pitk\u00e4 kokemus erilaisten LVI- ja ilmanvaihtot\u00f6iss\u00e4. Lopputuloksemme on aina laadukas ty\u00f6. Tietoa meist\u00e4 Yhti\u00f6 Vasar\u00f6r Ab perustui vuonna 2009. Joakim ja Ronny ovat pit\u00e4neet omia yrityksi\u00e4 jo kymmenen vuotta taaksep\u00e4in, yhdess\u00e4 he perustivat [&hellip;]<\/p>\n","protected":false},"author":1,"featured_media":0,"parent":0,"menu_order":0,"comment_status":"closed","ping_status":"closed","template":"","meta":{"footnotes":""},"class_list":["post-54","page","type-page","status-publish","hentry"],"yoast_head":"<!-- This site is optimized with the Yoast SEO plugin v19.10 - https:\/\/yoast.com\/wordpress\/plugins\/seo\/ -->\n<title>T\u00e4ydellisi\u00e4 LVI-t\u00f6it\u00e4 | Vaasa, Mustasaari, V\u00f6yri - Vasar\u00f6r Ab<\/title>\n<meta name=\"robots\" content=\"index, follow, max-snippet:-1, max-image-preview:large, max-video-preview:-1\" \/>\n<link rel=\"canonical\" href=\"https:\/\/vasaror.fi\/\" \/>\n<meta property=\"og:locale\" content=\"sv_SE\" \/>\n<meta property=\"og:type\" content=\"article\" \/>\n<meta property=\"og:title\" content=\"T\u00e4ydellisi\u00e4 LVI-t\u00f6it\u00e4 | Vaasa, Mustasaari, V\u00f6yri - Vasar\u00f6r Ab\" \/>\n<meta property=\"og:description\" content=\"Hei ja tervetuloa VASAR\u00d6R:in kotisivuille! Me VASAR\u00d6R Ab:ll\u00e4 teemme t\u00e4ydellist\u00e4 LVI-palvelua. Teemme ty\u00f6t vakavasti ja kunnianhimoisesti. Ja tavoitteena on laatuty\u00f6. Meill\u00e4 on pitk\u00e4 kokemus erilaisten LVI- ja ilmanvaihtot\u00f6iss\u00e4. Lopputuloksemme on aina laadukas ty\u00f6. Tietoa meist\u00e4 Yhti\u00f6 Vasar\u00f6r Ab perustui vuonna 2009. Joakim ja Ronny ovat pit\u00e4neet omia yrityksi\u00e4 jo kymmenen vuotta taaksep\u00e4in, yhdess\u00e4 he perustivat [&hellip;]\" \/>\n<meta property=\"og:url\" content=\"https:\/\/vasaror.fi\/\" \/>\n<meta property=\"og:site_name\" content=\"Vasar\u00f6r Ab\" \/>\n<meta property=\"article:modified_time\" content=\"2020-06-23T08:58:42+00:00\" \/>\n<meta property=\"og:image\" content=\"https:\/\/vasaror.fi\/wp-content\/uploads\/2020\/06\/vasaror-1024x534.jpg\" \/>\n<meta name=\"twitter:card\" content=\"summary_large_image\" \/>\n<meta name=\"twitter:label1\" content=\"Ber\u00e4knad l\u00e4stid\" \/>\n\t<meta name=\"twitter:data1\" content=\"1 minut\" \/>\n<script type=\"application\/ld+json\" class=\"yoast-schema-graph\">{\"@context\":\"https:\/\/schema.org\",\"@graph\":[{\"@type\":\"WebPage\",\"@id\":\"https:\/\/vasaror.fi\/\",\"url\":\"https:\/\/vasaror.fi\/\",\"name\":\"T\u00e4ydellisi\u00e4 LVI-t\u00f6it\u00e4 | Vaasa, Mustasaari, V\u00f6yri - Vasar\u00f6r Ab\",\"isPartOf\":{\"@id\":\"https:\/\/vasaror.fi\/#website\"},\"datePublished\":\"2020-06-22T12:25:37+00:00\",\"dateModified\":\"2020-06-23T08:58:42+00:00\",\"breadcrumb\":{\"@id\":\"https:\/\/vasaror.fi\/#breadcrumb\"},\"inLanguage\":\"sv-SE\",\"potentialAction\":[{\"@type\":\"ReadAction\",\"target\":[\"https:\/\/vasaror.fi\/\"]}]},{\"@type\":\"BreadcrumbList\",\"@id\":\"https:\/\/vasaror.fi\/#breadcrumb\",\"itemListElement\":[{\"@type\":\"ListItem\",\"position\":1,\"name\":\"Home\",\"item\":\"https:\/\/vasaror.fi\/?page_id=7&lang=sv\"},{\"@type\":\"ListItem\",\"position\":2,\"name\":\"T\u00e4ydellisi\u00e4 LVI-t\u00f6it\u00e4 | Vaasa, Mustasaari, V\u00f6yri\"}]},{\"@type\":\"WebSite\",\"@id\":\"https:\/\/vasaror.fi\/#website\",\"url\":\"https:\/\/vasaror.fi\/\",\"name\":\"Vasar\u00f6r Ab\",\"description\":\"\",\"publisher\":{\"@id\":\"https:\/\/vasaror.fi\/#organization\"},\"potentialAction\":[{\"@type\":\"SearchAction\",\"target\":{\"@type\":\"EntryPoint\",\"urlTemplate\":\"https:\/\/vasaror.fi\/?s={search_term_string}\"},\"query-input\":\"required name=search_term_string\"}],\"inLanguage\":\"sv-SE\"},{\"@type\":\"Organization\",\"@id\":\"https:\/\/vasaror.fi\/#organization\",\"name\":\"Vasar\u00f6r Ab\",\"url\":\"https:\/\/vasaror.fi\/\",\"logo\":{\"@type\":\"ImageObject\",\"inLanguage\":\"sv-SE\",\"@id\":\"https:\/\/vasaror.fi\/#\/schema\/logo\/image\/\",\"url\":\"https:\/\/vasaror.fi\/wp-content\/uploads\/2020\/06\/cropped-1544343_1435417490026233_191502105_n.jpg\",\"contentUrl\":\"https:\/\/vasaror.fi\/wp-content\/uploads\/2020\/06\/cropped-1544343_1435417490026233_191502105_n.jpg\",\"width\":546,\"height\":241,\"caption\":\"Vasar\u00f6r Ab\"},\"image\":{\"@id\":\"https:\/\/vasaror.fi\/#\/schema\/logo\/image\/\"}}]}<\/script>\n<!-- \/ Yoast SEO plugin. -->","yoast_head_json":{"title":"T\u00e4ydellisi\u00e4 LVI-t\u00f6it\u00e4 | Vaasa, Mustasaari, V\u00f6yri - Vasar\u00f6r Ab","robots":{"index":"index","follow":"follow","max-snippet":"max-snippet:-1","max-image-preview":"max-image-preview:large","max-video-preview":"max-video-preview:-1"},"canonical":"https:\/\/vasaror.fi\/","og_locale":"sv_SE","og_type":"article","og_title":"T\u00e4ydellisi\u00e4 LVI-t\u00f6it\u00e4 | Vaasa, Mustasaari, V\u00f6yri - Vasar\u00f6r Ab","og_description":"Hei ja tervetuloa VASAR\u00d6R:in kotisivuille! Me VASAR\u00d6R Ab:ll\u00e4 teemme t\u00e4ydellist\u00e4 LVI-palvelua. Teemme ty\u00f6t vakavasti ja kunnianhimoisesti. Ja tavoitteena on laatuty\u00f6. Meill\u00e4 on pitk\u00e4 kokemus erilaisten LVI- ja ilmanvaihtot\u00f6iss\u00e4. Lopputuloksemme on aina laadukas ty\u00f6. Tietoa meist\u00e4 Yhti\u00f6 Vasar\u00f6r Ab perustui vuonna 2009. Joakim ja Ronny ovat pit\u00e4neet omia yrityksi\u00e4 jo kymmenen vuotta taaksep\u00e4in, yhdess\u00e4 he perustivat [&hellip;]","og_url":"https:\/\/vasaror.fi\/","og_site_name":"Vasar\u00f6r Ab","article_modified_time":"2020-06-23T08:58:42+00:00","og_image":[{"url":"https:\/\/vasaror.fi\/wp-content\/uploads\/2020\/06\/vasaror-1024x534.jpg"}],"twitter_card":"summary_large_image","twitter_misc":{"Ber\u00e4knad l\u00e4stid":"1 minut"},"schema":{"@context":"https:\/\/schema.org","@graph":[{"@type":"WebPage","@id":"https:\/\/vasaror.fi\/","url":"https:\/\/vasaror.fi\/","name":"T\u00e4ydellisi\u00e4 LVI-t\u00f6it\u00e4 | Vaasa, Mustasaari, V\u00f6yri - Vasar\u00f6r Ab","isPartOf":{"@id":"https:\/\/vasaror.fi\/#website"},"datePublished":"2020-06-22T12:25:37+00:00","dateModified":"2020-06-23T08:58:42+00:00","breadcrumb":{"@id":"https:\/\/vasaror.fi\/#breadcrumb"},"inLanguage":"sv-SE","potentialAction":[{"@type":"ReadAction","target":["https:\/\/vasaror.fi\/"]}]},{"@type":"BreadcrumbList","@id":"https:\/\/vasaror.fi\/#breadcrumb","itemListElement":[{"@type":"ListItem","position":1,"name":"Home","item":"https:\/\/vasaror.fi\/?page_id=7&lang=sv"},{"@type":"ListItem","position":2,"name":"T\u00e4ydellisi\u00e4 LVI-t\u00f6it\u00e4 | Vaasa, Mustasaari, V\u00f6yri"}]},{"@type":"WebSite","@id":"https:\/\/vasaror.fi\/#website","url":"https:\/\/vasaror.fi\/","name":"Vasar\u00f6r Ab","description":"","publisher":{"@id":"https:\/\/vasaror.fi\/#organization"},"potentialAction":[{"@type":"SearchAction","target":{"@type":"EntryPoint","urlTemplate":"https:\/\/vasaror.fi\/?s={search_term_string}"},"query-input":"required name=search_term_string"}],"inLanguage":"sv-SE"},{"@type":"Organization","@id":"https:\/\/vasaror.fi\/#organization","name":"Vasar\u00f6r Ab","url":"https:\/\/vasaror.fi\/","logo":{"@type":"ImageObject","inLanguage":"sv-SE","@id":"https:\/\/vasaror.fi\/#\/schema\/logo\/image\/","url":"https:\/\/vasaror.fi\/wp-content\/uploads\/2020\/06\/cropped-1544343_1435417490026233_191502105_n.jpg","contentUrl":"https:\/\/vasaror.fi\/wp-content\/uploads\/2020\/06\/cropped-1544343_1435417490026233_191502105_n.jpg","width":546,"height":241,"caption":"Vasar\u00f6r Ab"},"image":{"@id":"https:\/\/vasaror.fi\/#\/schema\/logo\/image\/"}}]}},"_links":{"self":[{"href":"https:\/\/vasaror.fi\/index.php?rest_route=\/wp\/v2\/pages\/54","targetHints":{"allow":["GET"]}}],"collection":[{"href":"https:\/\/vasaror.fi\/index.php?rest_route=\/wp\/v2\/pages"}],"about":[{"href":"https:\/\/vasaror.fi\/index.php?rest_route=\/wp\/v2\/types\/page"}],"author":[{"embeddable":true,"href":"https:\/\/vasaror.fi\/index.php?rest_route=\/wp\/v2\/users\/1"}],"replies":[{"embeddable":true,"href":"https:\/\/vasaror.fi\/index.php?rest_route=%2Fwp%2Fv2%2Fcomments&post=54"}],"version-history":[{"count":10,"href":"https:\/\/vasaror.fi\/index.php?rest_route=\/wp\/v2\/pages\/54\/revisions"}],"predecessor-version":[{"id":127,"href":"https:\/\/vasaror.fi\/index.php?rest_route=\/wp\/v2\/pages\/54\/revisions\/127"}],"wp:attachment":[{"href":"https:\/\/vasaror.fi\/index.php?rest_route=%2Fwp%2Fv2%2Fmedia&parent=54"}],"curies":[{"name":"wp","href":"https:\/\/api.w.org\/{rel}","templated":true}]}}