{"id":58,"date":"2020-06-22T21:10:10","date_gmt":"2020-06-22T21:10:10","guid":{"rendered":"https:\/\/vasaror.fi\/?page_id=58"},"modified":"2020-06-23T07:37:43","modified_gmt":"2020-06-23T07:37:43","slug":"palvelut-ja-asiakaslista","status":"publish","type":"page","link":"https:\/\/vasaror.fi\/?page_id=58","title":{"rendered":"Palvelut ja Referenssit"},"content":{"rendered":"\n<h2 class=\"wp-block-heading\">Palvelut<\/h2>\n\n\n\n<p>Asennamme veden, l\u00e4mmityksen ja ilmanvaihdon rakennukseenne.&nbsp;VASAR\u00d6R ty\u00f6skentelee p\u00e4\u00e4asiassa uusien laitteiden ja palveluilla asuin- ja liikerakennuksissa.<\/p>\n\n\n\n<p>Teemme vuosittain paljon putkiasennuksia asuntoihin avaimet k\u00e4teen -palveluna, yksityishenkil\u00f6ille ja rakennusliikkeille.<\/p>\n\n\n\n<p>Meilt\u00e4 saat kokonaisratkaisun projektiisi.<\/p>\n\n\n\n<ul class=\"wp-block-list\"><li>Vesi, viem\u00e4ri, l\u00e4mp\u00f6 ja ilmavaihto kokonaisratkaisuna omakotitaloon<\/li><li>korjaukset ja saneeraukset<\/li><li>l\u00e4mp\u00f6pumppuasennukset<\/li><li>kaukol\u00e4mmityksen asentaminen jne.<\/li><\/ul>\n\n\n\n<p>Me VASAR\u00d6R:ll\u00e4 autamme sinua mielell\u00e4mme, t\u00e4\u00e4lt\u00e4 l\u00f6yd\u00e4t&nbsp;<a href=\"https:\/\/www.vasaror.fi\/kontaktuppgifter.html\">yh<\/a><a href=\"https:\/\/vasaror.fi\/?page_id=66\">teystietomme!<\/a><\/p>\n\n\n\n<h2 class=\"wp-block-heading\">Referenssit<\/h2>\n\n\n\n<p>Pieni valikoima t\u00f6it\u00e4mme:<\/p>\n\n\n\n<ul class=\"wp-block-list\"><li>V\u00f6r\u00e5 f\u00f6rsamling, f\u00f6rsamlingshem<\/li><li>Rewellcenter stambyte 28 lokaler<\/li><li>Oravais k\u00f6ttr\u00f6keri<\/li><li>Maxmo fiskhanteringshall<\/li><li>V\u00f6r\u00e5 idrottsgymnasie internat<\/li><li>Egnahemshus nybyggen ca 500st<\/li><li>Radhus och parhus ca 100<\/li><li>Dagisbyggnader 10st<\/li><li>Skolor 4st<\/li><li>4 st Hus Vasa bostadsm\u00e4ssa<\/li><li>1 st Hus Kokkola Bostadsm\u00e4ssa (m\u00e4ssvinnaren)<\/li><li>1 st Hus Bostadsm\u00e4ssan i Sein\u00e4joki&nbsp;<\/li><li>Fylgiahemmet i vasa grundrenovering<\/li><li>Personalbost\u00e4der Riksgr\u00e4nsen\/Kiruna<\/li><li>Fritidsbostad Yll\u00e4s<\/li><li>Renovering av Tottesund Herrg\u00e5rd<\/li><li>VVS installationer Faros-restaurang<\/li><\/ul>\n\n\n\n<p><\/p>\n","protected":false},"excerpt":{"rendered":"<p>Palvelut Asennamme veden, l\u00e4mmityksen ja ilmanvaihdon rakennukseenne.&nbsp;VASAR\u00d6R ty\u00f6skentelee p\u00e4\u00e4asiassa uusien laitteiden ja palveluilla asuin- ja liikerakennuksissa. Teemme vuosittain paljon putkiasennuksia asuntoihin avaimet k\u00e4teen -palveluna, yksityishenkil\u00f6ille ja rakennusliikkeille. Meilt\u00e4 saat kokonaisratkaisun projektiisi. Vesi, viem\u00e4ri, l\u00e4mp\u00f6 ja ilmavaihto kokonaisratkaisuna omakotitaloon korjaukset ja saneeraukset l\u00e4mp\u00f6pumppuasennukset kaukol\u00e4mmityksen asentaminen jne. Me VASAR\u00d6R:ll\u00e4 autamme sinua mielell\u00e4mme, t\u00e4\u00e4lt\u00e4 l\u00f6yd\u00e4t&nbsp;yhteystietomme! Referenssit Pieni valikoima [&hellip;]<\/p>\n","protected":false},"author":1,"featured_media":0,"parent":0,"menu_order":0,"comment_status":"closed","ping_status":"closed","template":"","meta":{"footnotes":""},"class_list":["post-58","page","type-page","status-publish","hentry"],"yoast_head":"<!-- This site is optimized with the Yoast SEO plugin v19.10 - https:\/\/yoast.com\/wordpress\/plugins\/seo\/ -->\n<title>Palvelut ja Referenssit - Vasar\u00f6r Ab<\/title>\n<meta name=\"robots\" content=\"index, follow, max-snippet:-1, max-image-preview:large, max-video-preview:-1\" \/>\n<link rel=\"canonical\" href=\"https:\/\/vasaror.fi\/?page_id=58\" \/>\n<meta property=\"og:locale\" content=\"sv_SE\" \/>\n<meta property=\"og:type\" content=\"article\" \/>\n<meta property=\"og:title\" content=\"Palvelut ja Referenssit - Vasar\u00f6r Ab\" \/>\n<meta property=\"og:description\" content=\"Palvelut Asennamme veden, l\u00e4mmityksen ja ilmanvaihdon rakennukseenne.&nbsp;VASAR\u00d6R ty\u00f6skentelee p\u00e4\u00e4asiassa uusien laitteiden ja palveluilla asuin- ja liikerakennuksissa. Teemme vuosittain paljon putkiasennuksia asuntoihin avaimet k\u00e4teen -palveluna, yksityishenkil\u00f6ille ja rakennusliikkeille. Meilt\u00e4 saat kokonaisratkaisun projektiisi. Vesi, viem\u00e4ri, l\u00e4mp\u00f6 ja ilmavaihto kokonaisratkaisuna omakotitaloon korjaukset ja saneeraukset l\u00e4mp\u00f6pumppuasennukset kaukol\u00e4mmityksen asentaminen jne. Me VASAR\u00d6R:ll\u00e4 autamme sinua mielell\u00e4mme, t\u00e4\u00e4lt\u00e4 l\u00f6yd\u00e4t&nbsp;yhteystietomme! Referenssit Pieni valikoima [&hellip;]\" \/>\n<meta property=\"og:url\" content=\"https:\/\/vasaror.fi\/?page_id=58\" \/>\n<meta property=\"og:site_name\" content=\"Vasar\u00f6r Ab\" \/>\n<meta property=\"article:modified_time\" content=\"2020-06-23T07:37:43+00:00\" \/>\n<meta name=\"twitter:card\" content=\"summary_large_image\" \/>\n<meta name=\"twitter:label1\" content=\"Ber\u00e4knad l\u00e4stid\" \/>\n\t<meta name=\"twitter:data1\" content=\"1 minut\" \/>\n<script type=\"application\/ld+json\" class=\"yoast-schema-graph\">{\"@context\":\"https:\/\/schema.org\",\"@graph\":[{\"@type\":\"WebPage\",\"@id\":\"https:\/\/vasaror.fi\/?page_id=58\",\"url\":\"https:\/\/vasaror.fi\/?page_id=58\",\"name\":\"Palvelut ja Referenssit - Vasar\u00f6r Ab\",\"isPartOf\":{\"@id\":\"https:\/\/vasaror.fi\/#website\"},\"datePublished\":\"2020-06-22T21:10:10+00:00\",\"dateModified\":\"2020-06-23T07:37:43+00:00\",\"breadcrumb\":{\"@id\":\"https:\/\/vasaror.fi\/?page_id=58#breadcrumb\"},\"inLanguage\":\"sv-SE\",\"potentialAction\":[{\"@type\":\"ReadAction\",\"target\":[\"https:\/\/vasaror.fi\/?page_id=58\"]}]},{\"@type\":\"BreadcrumbList\",\"@id\":\"https:\/\/vasaror.fi\/?page_id=58#breadcrumb\",\"itemListElement\":[{\"@type\":\"ListItem\",\"position\":1,\"name\":\"Home\",\"item\":\"https:\/\/vasaror.fi\/?page_id=7&lang=sv\"},{\"@type\":\"ListItem\",\"position\":2,\"name\":\"Palvelut ja Referenssit\"}]},{\"@type\":\"WebSite\",\"@id\":\"https:\/\/vasaror.fi\/#website\",\"url\":\"https:\/\/vasaror.fi\/\",\"name\":\"Vasar\u00f6r Ab\",\"description\":\"\",\"publisher\":{\"@id\":\"https:\/\/vasaror.fi\/#organization\"},\"potentialAction\":[{\"@type\":\"SearchAction\",\"target\":{\"@type\":\"EntryPoint\",\"urlTemplate\":\"https:\/\/vasaror.fi\/?s={search_term_string}\"},\"query-input\":\"required name=search_term_string\"}],\"inLanguage\":\"sv-SE\"},{\"@type\":\"Organization\",\"@id\":\"https:\/\/vasaror.fi\/#organization\",\"name\":\"Vasar\u00f6r Ab\",\"url\":\"https:\/\/vasaror.fi\/\",\"logo\":{\"@type\":\"ImageObject\",\"inLanguage\":\"sv-SE\",\"@id\":\"https:\/\/vasaror.fi\/#\/schema\/logo\/image\/\",\"url\":\"https:\/\/vasaror.fi\/wp-content\/uploads\/2020\/06\/cropped-1544343_1435417490026233_191502105_n.jpg\",\"contentUrl\":\"https:\/\/vasaror.fi\/wp-content\/uploads\/2020\/06\/cropped-1544343_1435417490026233_191502105_n.jpg\",\"width\":546,\"height\":241,\"caption\":\"Vasar\u00f6r Ab\"},\"image\":{\"@id\":\"https:\/\/vasaror.fi\/#\/schema\/logo\/image\/\"}}]}<\/script>\n<!-- \/ Yoast SEO plugin. -->","yoast_head_json":{"title":"Palvelut ja Referenssit - Vasar\u00f6r Ab","robots":{"index":"index","follow":"follow","max-snippet":"max-snippet:-1","max-image-preview":"max-image-preview:large","max-video-preview":"max-video-preview:-1"},"canonical":"https:\/\/vasaror.fi\/?page_id=58","og_locale":"sv_SE","og_type":"article","og_title":"Palvelut ja Referenssit - Vasar\u00f6r Ab","og_description":"Palvelut Asennamme veden, l\u00e4mmityksen ja ilmanvaihdon rakennukseenne.&nbsp;VASAR\u00d6R ty\u00f6skentelee p\u00e4\u00e4asiassa uusien laitteiden ja palveluilla asuin- ja liikerakennuksissa. Teemme vuosittain paljon putkiasennuksia asuntoihin avaimet k\u00e4teen -palveluna, yksityishenkil\u00f6ille ja rakennusliikkeille. Meilt\u00e4 saat kokonaisratkaisun projektiisi. Vesi, viem\u00e4ri, l\u00e4mp\u00f6 ja ilmavaihto kokonaisratkaisuna omakotitaloon korjaukset ja saneeraukset l\u00e4mp\u00f6pumppuasennukset kaukol\u00e4mmityksen asentaminen jne. Me VASAR\u00d6R:ll\u00e4 autamme sinua mielell\u00e4mme, t\u00e4\u00e4lt\u00e4 l\u00f6yd\u00e4t&nbsp;yhteystietomme! Referenssit Pieni valikoima [&hellip;]","og_url":"https:\/\/vasaror.fi\/?page_id=58","og_site_name":"Vasar\u00f6r Ab","article_modified_time":"2020-06-23T07:37:43+00:00","twitter_card":"summary_large_image","twitter_misc":{"Ber\u00e4knad l\u00e4stid":"1 minut"},"schema":{"@context":"https:\/\/schema.org","@graph":[{"@type":"WebPage","@id":"https:\/\/vasaror.fi\/?page_id=58","url":"https:\/\/vasaror.fi\/?page_id=58","name":"Palvelut ja Referenssit - Vasar\u00f6r Ab","isPartOf":{"@id":"https:\/\/vasaror.fi\/#website"},"datePublished":"2020-06-22T21:10:10+00:00","dateModified":"2020-06-23T07:37:43+00:00","breadcrumb":{"@id":"https:\/\/vasaror.fi\/?page_id=58#breadcrumb"},"inLanguage":"sv-SE","potentialAction":[{"@type":"ReadAction","target":["https:\/\/vasaror.fi\/?page_id=58"]}]},{"@type":"BreadcrumbList","@id":"https:\/\/vasaror.fi\/?page_id=58#breadcrumb","itemListElement":[{"@type":"ListItem","position":1,"name":"Home","item":"https:\/\/vasaror.fi\/?page_id=7&lang=sv"},{"@type":"ListItem","position":2,"name":"Palvelut ja Referenssit"}]},{"@type":"WebSite","@id":"https:\/\/vasaror.fi\/#website","url":"https:\/\/vasaror.fi\/","name":"Vasar\u00f6r Ab","description":"","publisher":{"@id":"https:\/\/vasaror.fi\/#organization"},"potentialAction":[{"@type":"SearchAction","target":{"@type":"EntryPoint","urlTemplate":"https:\/\/vasaror.fi\/?s={search_term_string}"},"query-input":"required name=search_term_string"}],"inLanguage":"sv-SE"},{"@type":"Organization","@id":"https:\/\/vasaror.fi\/#organization","name":"Vasar\u00f6r Ab","url":"https:\/\/vasaror.fi\/","logo":{"@type":"ImageObject","inLanguage":"sv-SE","@id":"https:\/\/vasaror.fi\/#\/schema\/logo\/image\/","url":"https:\/\/vasaror.fi\/wp-content\/uploads\/2020\/06\/cropped-1544343_1435417490026233_191502105_n.jpg","contentUrl":"https:\/\/vasaror.fi\/wp-content\/uploads\/2020\/06\/cropped-1544343_1435417490026233_191502105_n.jpg","width":546,"height":241,"caption":"Vasar\u00f6r Ab"},"image":{"@id":"https:\/\/vasaror.fi\/#\/schema\/logo\/image\/"}}]}},"_links":{"self":[{"href":"https:\/\/vasaror.fi\/index.php?rest_route=\/wp\/v2\/pages\/58","targetHints":{"allow":["GET"]}}],"collection":[{"href":"https:\/\/vasaror.fi\/index.php?rest_route=\/wp\/v2\/pages"}],"about":[{"href":"https:\/\/vasaror.fi\/index.php?rest_route=\/wp\/v2\/types\/page"}],"author":[{"embeddable":true,"href":"https:\/\/vasaror.fi\/index.php?rest_route=\/wp\/v2\/users\/1"}],"replies":[{"embeddable":true,"href":"https:\/\/vasaror.fi\/index.php?rest_route=%2Fwp%2Fv2%2Fcomments&post=58"}],"version-history":[{"count":5,"href":"https:\/\/vasaror.fi\/index.php?rest_route=\/wp\/v2\/pages\/58\/revisions"}],"predecessor-version":[{"id":96,"href":"https:\/\/vasaror.fi\/index.php?rest_route=\/wp\/v2\/pages\/58\/revisions\/96"}],"wp:attachment":[{"href":"https:\/\/vasaror.fi\/index.php?rest_route=%2Fwp%2Fv2%2Fmedia&parent=58"}],"curies":[{"name":"wp","href":"https:\/\/api.w.org\/{rel}","templated":true}]}}