{"id":66,"date":"2020-06-22T21:16:09","date_gmt":"2020-06-22T21:16:09","guid":{"rendered":"https:\/\/vasaror.fi\/?page_id=66"},"modified":"2022-06-20T19:21:03","modified_gmt":"2022-06-20T19:21:03","slug":"ota-yhteytta","status":"publish","type":"page","link":"https:\/\/vasaror.fi\/?page_id=66","title":{"rendered":"Ota yhteytt\u00e4"},"content":{"rendered":"\n<p>Reparat\u00f6rsv\u00e4gen 5<br>65610 Korsholm<\/p>\n\n\n\n<p><strong>Tarjouspyyn\u00f6t<\/strong><\/p>\n\n\n\n<p><a href=\"mailto:info@vasaror.fi\">info@vasaror.fi<\/a><\/p>\n\n\n\n<p><strong>Ty\u00f6johtaja\/Ajanvaraus:<\/strong><\/p>\n\n\n\n<p>Andreas Norrg\u00e5rd<br>VVS-Tekniker &nbsp;<br>andreas@vasaror.fi<br><a href=\"tel:0401972350\">040 197 2350<\/a><\/p>\n\n\n\n<p><strong>Huoltoty\u00f6t ja tilaukset<\/strong><\/p>\n\n\n\n<p>Anton Thors (7.30-15.30)<br>anton@vasaror.fi<br><a href=\"tel:050 373 7140\">050 373 7140<\/a><\/p>\n\n\n\n<p>Joakim Norrg\u00e5rd <br>joakim@vasaror.fi<br><\/p>\n\n\n\n<p>Jos haluat tarjouksen putkity\u00f6t\u00f6ist\u00e4, esimerkiksi omakotitalolle, voit l\u00e4hett\u00e4\u00e4 meille meille helposti piirustuksia s\u00e4hk\u00f6postitse. Kerro meille, mit\u00e4 haluat l\u00e4mm\u00f6nl\u00e4hteelle, esim. maal\u00e4mp\u00f6, \u200b\u200bpoistoilmal\u00e4mp\u00f6pumppu jne. <br>Ja jos sinulla on muita toiveita.<\/p>\n\n\n\n<p>Joissakin tapauksissa, esimerkiksi vaihdettaessa k\u00e4ytt\u00f6veden putkia, tulemme ilmaiseksi tutkimusvierailulle.<br><br><strong>Laskutusasiassa <strong>(Yhteyshenkil\u00f6 ty\u00f6najan ulkopuolella ainoastaan h\u00e4t\u00e4tapauksessa)<\/strong><\/strong><\/p>\n\n\n\n<p>Ronny S\u00f6der<br>VVS-Tekniker<br>ronny@vasaror.fi<br><a href=\"tel:0401972352\">040 197 2352<\/a><\/p>\n\n\n\n<p><strong>Verkkolaskuosoite: <\/strong><br>Operaattori: Maventa (003721291126)<br>Verkkolaskuosoite: 003722567868<br>OVT-tunnus: 003722567868<br><br>V\u00e4litt\u00e4j\u00e4tunnus pankkiverkosta l\u00e4hetett\u00e4ess\u00e4: DABAFIHH*<br>*K\u00e4ytt\u00e4k\u00e4\u00e4 t\u00e4t\u00e4 v\u00e4litt\u00e4j\u00e4tunnusta mik\u00e4li k\u00e4yt\u00f6ss\u00e4nne olevasta verkkolaskutusohjelmasta ei voi l\u00e4hett\u00e4\u00e4 laskuja suoraan Maventan<br>v\u00e4litt\u00e4j\u00e4tunnukselle.<br><br><strong>Lasku s\u00e4hk\u00f6postilla (PDF):<\/strong><br>Laskun on oltava pdf-muodossa, ett\u00e4 se pystyt\u00e4\u00e4n k\u00e4sittelem\u00e4\u00e4n. Muissa tiedostomuodoissa<br>l\u00e4hetetyt laskut h\u00e4vi\u00e4v\u00e4t j\u00e4rjestelm\u00e4st\u00e4.<br><strong>invoice-22567868@kollektor.fi<\/strong><br><br><strong>Paperilasku:<\/strong><br>Ellei teill\u00e4 ole mahdollisuutta l\u00e4hett\u00e4\u00e4 verkkolaskua tai pdf-muotoista laskua, voitte jatkossa l\u00e4hett\u00e4\u00e4<br>paperiset laskut osoitteeseen:<br><br>VASAR\u00d6R AB<br>22567868<br>PL 100<br>80020 Kollektor Scan<\/p>\n\n\n\n<p><\/p>\n","protected":false},"excerpt":{"rendered":"<p>Reparat\u00f6rsv\u00e4gen 565610 Korsholm Tarjouspyyn\u00f6t info@vasaror.fi Ty\u00f6johtaja\/Ajanvaraus: Andreas Norrg\u00e5rdVVS-Tekniker &nbsp;andreas@vasaror.fi040 197 2350 Huoltoty\u00f6t ja tilaukset Anton Thors (7.30-15.30)anton@vasaror.fi050 373 7140 Joakim Norrg\u00e5rd joakim@vasaror.fi Jos haluat tarjouksen putkity\u00f6t\u00f6ist\u00e4, esimerkiksi omakotitalolle, voit l\u00e4hett\u00e4\u00e4 meille meille helposti piirustuksia s\u00e4hk\u00f6postitse. Kerro meille, mit\u00e4 haluat l\u00e4mm\u00f6nl\u00e4hteelle, esim. maal\u00e4mp\u00f6, \u200b\u200bpoistoilmal\u00e4mp\u00f6pumppu jne. Ja jos sinulla on muita toiveita. Joissakin tapauksissa, esimerkiksi vaihdettaessa k\u00e4ytt\u00f6veden [&hellip;]<\/p>\n","protected":false},"author":1,"featured_media":0,"parent":0,"menu_order":0,"comment_status":"closed","ping_status":"closed","template":"","meta":{"footnotes":""},"class_list":["post-66","page","type-page","status-publish","hentry"],"yoast_head":"<!-- This site is optimized with the Yoast SEO plugin v19.10 - https:\/\/yoast.com\/wordpress\/plugins\/seo\/ -->\n<title>Ota yhteytt\u00e4 - Vasar\u00f6r Ab<\/title>\n<meta name=\"robots\" content=\"index, follow, max-snippet:-1, max-image-preview:large, max-video-preview:-1\" \/>\n<link rel=\"canonical\" href=\"https:\/\/vasaror.fi\/?page_id=66\" \/>\n<meta property=\"og:locale\" content=\"sv_SE\" \/>\n<meta property=\"og:type\" content=\"article\" \/>\n<meta property=\"og:title\" content=\"Ota yhteytt\u00e4 - Vasar\u00f6r Ab\" \/>\n<meta property=\"og:description\" content=\"Reparat\u00f6rsv\u00e4gen 565610 Korsholm Tarjouspyyn\u00f6t info@vasaror.fi Ty\u00f6johtaja\/Ajanvaraus: Andreas Norrg\u00e5rdVVS-Tekniker &nbsp;andreas@vasaror.fi040 197 2350 Huoltoty\u00f6t ja tilaukset Anton Thors (7.30-15.30)anton@vasaror.fi050 373 7140 Joakim Norrg\u00e5rd joakim@vasaror.fi Jos haluat tarjouksen putkity\u00f6t\u00f6ist\u00e4, esimerkiksi omakotitalolle, voit l\u00e4hett\u00e4\u00e4 meille meille helposti piirustuksia s\u00e4hk\u00f6postitse. Kerro meille, mit\u00e4 haluat l\u00e4mm\u00f6nl\u00e4hteelle, esim. maal\u00e4mp\u00f6, \u200b\u200bpoistoilmal\u00e4mp\u00f6pumppu jne. Ja jos sinulla on muita toiveita. Joissakin tapauksissa, esimerkiksi vaihdettaessa k\u00e4ytt\u00f6veden [&hellip;]\" \/>\n<meta property=\"og:url\" content=\"https:\/\/vasaror.fi\/?page_id=66\" \/>\n<meta property=\"og:site_name\" content=\"Vasar\u00f6r Ab\" \/>\n<meta property=\"article:modified_time\" content=\"2022-06-20T19:21:03+00:00\" \/>\n<meta name=\"twitter:card\" content=\"summary_large_image\" \/>\n<meta name=\"twitter:label1\" content=\"Ber\u00e4knad l\u00e4stid\" \/>\n\t<meta name=\"twitter:data1\" content=\"1 minut\" \/>\n<script type=\"application\/ld+json\" class=\"yoast-schema-graph\">{\"@context\":\"https:\/\/schema.org\",\"@graph\":[{\"@type\":\"WebPage\",\"@id\":\"https:\/\/vasaror.fi\/?page_id=66\",\"url\":\"https:\/\/vasaror.fi\/?page_id=66\",\"name\":\"Ota yhteytt\u00e4 - Vasar\u00f6r Ab\",\"isPartOf\":{\"@id\":\"https:\/\/vasaror.fi\/#website\"},\"datePublished\":\"2020-06-22T21:16:09+00:00\",\"dateModified\":\"2022-06-20T19:21:03+00:00\",\"breadcrumb\":{\"@id\":\"https:\/\/vasaror.fi\/?page_id=66#breadcrumb\"},\"inLanguage\":\"sv-SE\",\"potentialAction\":[{\"@type\":\"ReadAction\",\"target\":[\"https:\/\/vasaror.fi\/?page_id=66\"]}]},{\"@type\":\"BreadcrumbList\",\"@id\":\"https:\/\/vasaror.fi\/?page_id=66#breadcrumb\",\"itemListElement\":[{\"@type\":\"ListItem\",\"position\":1,\"name\":\"Home\",\"item\":\"https:\/\/vasaror.fi\/?page_id=7&lang=sv\"},{\"@type\":\"ListItem\",\"position\":2,\"name\":\"Ota yhteytt\u00e4\"}]},{\"@type\":\"WebSite\",\"@id\":\"https:\/\/vasaror.fi\/#website\",\"url\":\"https:\/\/vasaror.fi\/\",\"name\":\"Vasar\u00f6r Ab\",\"description\":\"\",\"publisher\":{\"@id\":\"https:\/\/vasaror.fi\/#organization\"},\"potentialAction\":[{\"@type\":\"SearchAction\",\"target\":{\"@type\":\"EntryPoint\",\"urlTemplate\":\"https:\/\/vasaror.fi\/?s={search_term_string}\"},\"query-input\":\"required name=search_term_string\"}],\"inLanguage\":\"sv-SE\"},{\"@type\":\"Organization\",\"@id\":\"https:\/\/vasaror.fi\/#organization\",\"name\":\"Vasar\u00f6r Ab\",\"url\":\"https:\/\/vasaror.fi\/\",\"logo\":{\"@type\":\"ImageObject\",\"inLanguage\":\"sv-SE\",\"@id\":\"https:\/\/vasaror.fi\/#\/schema\/logo\/image\/\",\"url\":\"https:\/\/vasaror.fi\/wp-content\/uploads\/2020\/06\/cropped-1544343_1435417490026233_191502105_n.jpg\",\"contentUrl\":\"https:\/\/vasaror.fi\/wp-content\/uploads\/2020\/06\/cropped-1544343_1435417490026233_191502105_n.jpg\",\"width\":546,\"height\":241,\"caption\":\"Vasar\u00f6r Ab\"},\"image\":{\"@id\":\"https:\/\/vasaror.fi\/#\/schema\/logo\/image\/\"}}]}<\/script>\n<!-- \/ Yoast SEO plugin. -->","yoast_head_json":{"title":"Ota yhteytt\u00e4 - Vasar\u00f6r Ab","robots":{"index":"index","follow":"follow","max-snippet":"max-snippet:-1","max-image-preview":"max-image-preview:large","max-video-preview":"max-video-preview:-1"},"canonical":"https:\/\/vasaror.fi\/?page_id=66","og_locale":"sv_SE","og_type":"article","og_title":"Ota yhteytt\u00e4 - Vasar\u00f6r Ab","og_description":"Reparat\u00f6rsv\u00e4gen 565610 Korsholm Tarjouspyyn\u00f6t info@vasaror.fi Ty\u00f6johtaja\/Ajanvaraus: Andreas Norrg\u00e5rdVVS-Tekniker &nbsp;andreas@vasaror.fi040 197 2350 Huoltoty\u00f6t ja tilaukset Anton Thors (7.30-15.30)anton@vasaror.fi050 373 7140 Joakim Norrg\u00e5rd joakim@vasaror.fi Jos haluat tarjouksen putkity\u00f6t\u00f6ist\u00e4, esimerkiksi omakotitalolle, voit l\u00e4hett\u00e4\u00e4 meille meille helposti piirustuksia s\u00e4hk\u00f6postitse. Kerro meille, mit\u00e4 haluat l\u00e4mm\u00f6nl\u00e4hteelle, esim. maal\u00e4mp\u00f6, \u200b\u200bpoistoilmal\u00e4mp\u00f6pumppu jne. Ja jos sinulla on muita toiveita. Joissakin tapauksissa, esimerkiksi vaihdettaessa k\u00e4ytt\u00f6veden [&hellip;]","og_url":"https:\/\/vasaror.fi\/?page_id=66","og_site_name":"Vasar\u00f6r Ab","article_modified_time":"2022-06-20T19:21:03+00:00","twitter_card":"summary_large_image","twitter_misc":{"Ber\u00e4knad l\u00e4stid":"1 minut"},"schema":{"@context":"https:\/\/schema.org","@graph":[{"@type":"WebPage","@id":"https:\/\/vasaror.fi\/?page_id=66","url":"https:\/\/vasaror.fi\/?page_id=66","name":"Ota yhteytt\u00e4 - Vasar\u00f6r Ab","isPartOf":{"@id":"https:\/\/vasaror.fi\/#website"},"datePublished":"2020-06-22T21:16:09+00:00","dateModified":"2022-06-20T19:21:03+00:00","breadcrumb":{"@id":"https:\/\/vasaror.fi\/?page_id=66#breadcrumb"},"inLanguage":"sv-SE","potentialAction":[{"@type":"ReadAction","target":["https:\/\/vasaror.fi\/?page_id=66"]}]},{"@type":"BreadcrumbList","@id":"https:\/\/vasaror.fi\/?page_id=66#breadcrumb","itemListElement":[{"@type":"ListItem","position":1,"name":"Home","item":"https:\/\/vasaror.fi\/?page_id=7&lang=sv"},{"@type":"ListItem","position":2,"name":"Ota yhteytt\u00e4"}]},{"@type":"WebSite","@id":"https:\/\/vasaror.fi\/#website","url":"https:\/\/vasaror.fi\/","name":"Vasar\u00f6r Ab","description":"","publisher":{"@id":"https:\/\/vasaror.fi\/#organization"},"potentialAction":[{"@type":"SearchAction","target":{"@type":"EntryPoint","urlTemplate":"https:\/\/vasaror.fi\/?s={search_term_string}"},"query-input":"required name=search_term_string"}],"inLanguage":"sv-SE"},{"@type":"Organization","@id":"https:\/\/vasaror.fi\/#organization","name":"Vasar\u00f6r Ab","url":"https:\/\/vasaror.fi\/","logo":{"@type":"ImageObject","inLanguage":"sv-SE","@id":"https:\/\/vasaror.fi\/#\/schema\/logo\/image\/","url":"https:\/\/vasaror.fi\/wp-content\/uploads\/2020\/06\/cropped-1544343_1435417490026233_191502105_n.jpg","contentUrl":"https:\/\/vasaror.fi\/wp-content\/uploads\/2020\/06\/cropped-1544343_1435417490026233_191502105_n.jpg","width":546,"height":241,"caption":"Vasar\u00f6r Ab"},"image":{"@id":"https:\/\/vasaror.fi\/#\/schema\/logo\/image\/"}}]}},"_links":{"self":[{"href":"https:\/\/vasaror.fi\/index.php?rest_route=\/wp\/v2\/pages\/66","targetHints":{"allow":["GET"]}}],"collection":[{"href":"https:\/\/vasaror.fi\/index.php?rest_route=\/wp\/v2\/pages"}],"about":[{"href":"https:\/\/vasaror.fi\/index.php?rest_route=\/wp\/v2\/types\/page"}],"author":[{"embeddable":true,"href":"https:\/\/vasaror.fi\/index.php?rest_route=\/wp\/v2\/users\/1"}],"replies":[{"embeddable":true,"href":"https:\/\/vasaror.fi\/index.php?rest_route=%2Fwp%2Fv2%2Fcomments&post=66"}],"version-history":[{"count":8,"href":"https:\/\/vasaror.fi\/index.php?rest_route=\/wp\/v2\/pages\/66\/revisions"}],"predecessor-version":[{"id":143,"href":"https:\/\/vasaror.fi\/index.php?rest_route=\/wp\/v2\/pages\/66\/revisions\/143"}],"wp:attachment":[{"href":"https:\/\/vasaror.fi\/index.php?rest_route=%2Fwp%2Fv2%2Fmedia&parent=66"}],"curies":[{"name":"wp","href":"https:\/\/api.w.org\/{rel}","templated":true}]}}