{"id":8,"date":"2020-06-22T12:04:16","date_gmt":"2020-06-22T12:04:16","guid":{"rendered":"https:\/\/vasaror.fi\/?page_id=8"},"modified":"2020-06-23T07:23:29","modified_gmt":"2020-06-23T07:23:29","slug":"om","status":"publish","type":"page","link":"https:\/\/vasaror.fi\/?page_id=8&lang=sv","title":{"rendered":"Tj\u00e4nster och referenser"},"content":{"rendered":"\n<p>Vi installerar vatten, v\u00e4rme och ventilationsystem i din byggnad.&nbsp;VASAR\u00d6R arbetar med nyinstallationer och service i bostadshus och lokaler.<\/p>\n\n\n\n<p>Vi utf\u00f6r \u00e5rligen ett stort antal vvs installationer i bost\u00e4der enligt nyckeln i hand principen \u00e5t b\u00e5de privatpersoner och byggnadsfirmor.<\/p>\n\n\n\n<p>Funderar du p\u00e5 att skaffa v\u00e4rmepump, fr\u00e5n oss f\u00e5r du en ordentligt gjord v\u00e4rmepumpsinstallation med fast pris.<\/p>\n\n\n\n<p>Hos oss f\u00e5r du en totall\u00f6sning p\u00e5 ditt projekt, tex:<\/p>\n\n\n\n<ul class=\"wp-block-list\"><li>Totall\u00f6sningar f\u00f6r egnahemshus med vatten avlopp v\u00e4rme och ventilation, vi sk\u00f6ter \u00e4ven om vvs och ventilations planering via v\u00e5r samarbetspartners om inte du redan har f\u00e4rdiga ritnigar.&nbsp;<\/li><\/ul>\n\n\n\n<ul class=\"wp-block-list\"><li>Badrumsrenovering.<\/li><li>Bergsv\u00e4rmepumpar och energibrunnar<\/li><li>Reparationer och renoveringar<\/li><li>V\u00e4rmepumpsinstallationer<\/li><li>Fj\u00e4rrv\u00e4rmeinstallationer m.m.<\/li><li>Byte av bruksvattenr\u00f6r till fast pris&nbsp;<\/li><li>VVS och ventilationsplanering&nbsp;<\/li><\/ul>\n\n\n\n<p>Vi p\u00e5 Vasar\u00f6r hj\u00e4lper dig g\u00e4rna, h\u00e4r hittar du\u00a0<a href=\"https:\/\/vasaror.fi\/?page_id=9&amp;lang=sv\">v\u00e5ra kontaktuppgifter<\/a>!<\/p>\n\n\n\n<h2 class=\"wp-block-heading\">Referenser<\/h2>\n\n\n\n<p>Ett litet urval av v\u00e5ra arbeten:<\/p>\n\n\n\n<ul class=\"wp-block-list\"><li>V\u00f6r\u00e5 f\u00f6rsamling, f\u00f6rsamlingshem<\/li><li>Rewellcenter stambyte 28 lokaler<\/li><li>Oravais k\u00f6ttr\u00f6keri<\/li><li>Maxmo fiskhanteringshall<\/li><li>V\u00f6r\u00e5 idrottsgymnasie internat<\/li><li>Egnahemshus nybyggen ca 500st<\/li><li>Radhus och parhus ca 100<\/li><li>Dagisbyggnader 10st<\/li><li>Skolor 4st<\/li><li>4 st Hus Vasa bostadsm\u00e4ssa<\/li><li>1 st Hus Kokkola Bostadsm\u00e4ssa (m\u00e4ssvinnaren)<\/li><li>1 st Hus Bostadsm\u00e4ssan i Sein\u00e4joki&nbsp;<\/li><li>Fylgiahemmet i vasa grundrenovering<\/li><li>Personalbost\u00e4der Riksgr\u00e4nsen\/Kiruna<\/li><li>Fritidsbostad Yll\u00e4s<\/li><li>Renovering av Tottesund Herrg\u00e5rd<\/li><li>VVS installationer Faros-restaurang<\/li><\/ul>\n","protected":false},"excerpt":{"rendered":"<p>Vi installerar vatten, v\u00e4rme och ventilationsystem i din byggnad.&nbsp;VASAR\u00d6R arbetar med nyinstallationer och service i bostadshus och lokaler. Vi utf\u00f6r \u00e5rligen ett stort antal vvs installationer i bost\u00e4der enligt nyckeln i hand principen \u00e5t b\u00e5de privatpersoner och byggnadsfirmor. Funderar du p\u00e5 att skaffa v\u00e4rmepump, fr\u00e5n oss f\u00e5r du en ordentligt gjord v\u00e4rmepumpsinstallation med fast pris. [&hellip;]<\/p>\n","protected":false},"author":1,"featured_media":0,"parent":0,"menu_order":0,"comment_status":"closed","ping_status":"closed","template":"","meta":{"footnotes":""},"class_list":["post-8","page","type-page","status-publish","hentry"],"yoast_head":"<!-- This site is optimized with the Yoast SEO plugin v19.10 - https:\/\/yoast.com\/wordpress\/plugins\/seo\/ -->\n<title>Tj\u00e4nster och referenser - Vasar\u00f6r Ab<\/title>\n<meta name=\"robots\" content=\"index, follow, max-snippet:-1, max-image-preview:large, max-video-preview:-1\" \/>\n<link rel=\"canonical\" href=\"https:\/\/vasaror.fi\/?page_id=8&lang=sv\" \/>\n<meta property=\"og:locale\" content=\"sv_SE\" \/>\n<meta property=\"og:type\" content=\"article\" \/>\n<meta property=\"og:title\" content=\"Tj\u00e4nster och referenser - Vasar\u00f6r Ab\" \/>\n<meta property=\"og:description\" content=\"Vi installerar vatten, v\u00e4rme och ventilationsystem i din byggnad.&nbsp;VASAR\u00d6R arbetar med nyinstallationer och service i bostadshus och lokaler. Vi utf\u00f6r \u00e5rligen ett stort antal vvs installationer i bost\u00e4der enligt nyckeln i hand principen \u00e5t b\u00e5de privatpersoner och byggnadsfirmor. Funderar du p\u00e5 att skaffa v\u00e4rmepump, fr\u00e5n oss f\u00e5r du en ordentligt gjord v\u00e4rmepumpsinstallation med fast pris. [&hellip;]\" \/>\n<meta property=\"og:url\" content=\"https:\/\/vasaror.fi\/?page_id=8&amp;lang=sv\" \/>\n<meta property=\"og:site_name\" content=\"Vasar\u00f6r Ab\" \/>\n<meta property=\"article:modified_time\" content=\"2020-06-23T07:23:29+00:00\" \/>\n<meta name=\"twitter:card\" content=\"summary_large_image\" \/>\n<meta name=\"twitter:label1\" content=\"Ber\u00e4knad l\u00e4stid\" \/>\n\t<meta name=\"twitter:data1\" content=\"1 minut\" \/>\n<script type=\"application\/ld+json\" class=\"yoast-schema-graph\">{\"@context\":\"https:\/\/schema.org\",\"@graph\":[{\"@type\":\"WebPage\",\"@id\":\"https:\/\/vasaror.fi\/?page_id=8&lang=sv\",\"url\":\"https:\/\/vasaror.fi\/?page_id=8&lang=sv\",\"name\":\"Tj\u00e4nster och referenser - Vasar\u00f6r Ab\",\"isPartOf\":{\"@id\":\"https:\/\/vasaror.fi\/#website\"},\"datePublished\":\"2020-06-22T12:04:16+00:00\",\"dateModified\":\"2020-06-23T07:23:29+00:00\",\"breadcrumb\":{\"@id\":\"https:\/\/vasaror.fi\/?page_id=8&lang=sv#breadcrumb\"},\"inLanguage\":\"sv-SE\",\"potentialAction\":[{\"@type\":\"ReadAction\",\"target\":[\"https:\/\/vasaror.fi\/?page_id=8&lang=sv\"]}]},{\"@type\":\"BreadcrumbList\",\"@id\":\"https:\/\/vasaror.fi\/?page_id=8&lang=sv#breadcrumb\",\"itemListElement\":[{\"@type\":\"ListItem\",\"position\":1,\"name\":\"Home\",\"item\":\"https:\/\/vasaror.fi\/?page_id=7&lang=sv\"},{\"@type\":\"ListItem\",\"position\":2,\"name\":\"Tj\u00e4nster och referenser\"}]},{\"@type\":\"WebSite\",\"@id\":\"https:\/\/vasaror.fi\/#website\",\"url\":\"https:\/\/vasaror.fi\/\",\"name\":\"Vasar\u00f6r Ab\",\"description\":\"\",\"publisher\":{\"@id\":\"https:\/\/vasaror.fi\/#organization\"},\"potentialAction\":[{\"@type\":\"SearchAction\",\"target\":{\"@type\":\"EntryPoint\",\"urlTemplate\":\"https:\/\/vasaror.fi\/?s={search_term_string}\"},\"query-input\":\"required name=search_term_string\"}],\"inLanguage\":\"sv-SE\"},{\"@type\":\"Organization\",\"@id\":\"https:\/\/vasaror.fi\/#organization\",\"name\":\"Vasar\u00f6r Ab\",\"url\":\"https:\/\/vasaror.fi\/\",\"logo\":{\"@type\":\"ImageObject\",\"inLanguage\":\"sv-SE\",\"@id\":\"https:\/\/vasaror.fi\/#\/schema\/logo\/image\/\",\"url\":\"https:\/\/vasaror.fi\/wp-content\/uploads\/2020\/06\/cropped-1544343_1435417490026233_191502105_n.jpg\",\"contentUrl\":\"https:\/\/vasaror.fi\/wp-content\/uploads\/2020\/06\/cropped-1544343_1435417490026233_191502105_n.jpg\",\"width\":546,\"height\":241,\"caption\":\"Vasar\u00f6r Ab\"},\"image\":{\"@id\":\"https:\/\/vasaror.fi\/#\/schema\/logo\/image\/\"}}]}<\/script>\n<!-- \/ Yoast SEO plugin. -->","yoast_head_json":{"title":"Tj\u00e4nster och referenser - Vasar\u00f6r Ab","robots":{"index":"index","follow":"follow","max-snippet":"max-snippet:-1","max-image-preview":"max-image-preview:large","max-video-preview":"max-video-preview:-1"},"canonical":"https:\/\/vasaror.fi\/?page_id=8&lang=sv","og_locale":"sv_SE","og_type":"article","og_title":"Tj\u00e4nster och referenser - Vasar\u00f6r Ab","og_description":"Vi installerar vatten, v\u00e4rme och ventilationsystem i din byggnad.&nbsp;VASAR\u00d6R arbetar med nyinstallationer och service i bostadshus och lokaler. Vi utf\u00f6r \u00e5rligen ett stort antal vvs installationer i bost\u00e4der enligt nyckeln i hand principen \u00e5t b\u00e5de privatpersoner och byggnadsfirmor. Funderar du p\u00e5 att skaffa v\u00e4rmepump, fr\u00e5n oss f\u00e5r du en ordentligt gjord v\u00e4rmepumpsinstallation med fast pris. [&hellip;]","og_url":"https:\/\/vasaror.fi\/?page_id=8&lang=sv","og_site_name":"Vasar\u00f6r Ab","article_modified_time":"2020-06-23T07:23:29+00:00","twitter_card":"summary_large_image","twitter_misc":{"Ber\u00e4knad l\u00e4stid":"1 minut"},"schema":{"@context":"https:\/\/schema.org","@graph":[{"@type":"WebPage","@id":"https:\/\/vasaror.fi\/?page_id=8&lang=sv","url":"https:\/\/vasaror.fi\/?page_id=8&lang=sv","name":"Tj\u00e4nster och referenser - Vasar\u00f6r Ab","isPartOf":{"@id":"https:\/\/vasaror.fi\/#website"},"datePublished":"2020-06-22T12:04:16+00:00","dateModified":"2020-06-23T07:23:29+00:00","breadcrumb":{"@id":"https:\/\/vasaror.fi\/?page_id=8&lang=sv#breadcrumb"},"inLanguage":"sv-SE","potentialAction":[{"@type":"ReadAction","target":["https:\/\/vasaror.fi\/?page_id=8&lang=sv"]}]},{"@type":"BreadcrumbList","@id":"https:\/\/vasaror.fi\/?page_id=8&lang=sv#breadcrumb","itemListElement":[{"@type":"ListItem","position":1,"name":"Home","item":"https:\/\/vasaror.fi\/?page_id=7&lang=sv"},{"@type":"ListItem","position":2,"name":"Tj\u00e4nster och referenser"}]},{"@type":"WebSite","@id":"https:\/\/vasaror.fi\/#website","url":"https:\/\/vasaror.fi\/","name":"Vasar\u00f6r Ab","description":"","publisher":{"@id":"https:\/\/vasaror.fi\/#organization"},"potentialAction":[{"@type":"SearchAction","target":{"@type":"EntryPoint","urlTemplate":"https:\/\/vasaror.fi\/?s={search_term_string}"},"query-input":"required name=search_term_string"}],"inLanguage":"sv-SE"},{"@type":"Organization","@id":"https:\/\/vasaror.fi\/#organization","name":"Vasar\u00f6r Ab","url":"https:\/\/vasaror.fi\/","logo":{"@type":"ImageObject","inLanguage":"sv-SE","@id":"https:\/\/vasaror.fi\/#\/schema\/logo\/image\/","url":"https:\/\/vasaror.fi\/wp-content\/uploads\/2020\/06\/cropped-1544343_1435417490026233_191502105_n.jpg","contentUrl":"https:\/\/vasaror.fi\/wp-content\/uploads\/2020\/06\/cropped-1544343_1435417490026233_191502105_n.jpg","width":546,"height":241,"caption":"Vasar\u00f6r Ab"},"image":{"@id":"https:\/\/vasaror.fi\/#\/schema\/logo\/image\/"}}]}},"_links":{"self":[{"href":"https:\/\/vasaror.fi\/index.php?rest_route=\/wp\/v2\/pages\/8","targetHints":{"allow":["GET"]}}],"collection":[{"href":"https:\/\/vasaror.fi\/index.php?rest_route=\/wp\/v2\/pages"}],"about":[{"href":"https:\/\/vasaror.fi\/index.php?rest_route=\/wp\/v2\/types\/page"}],"author":[{"embeddable":true,"href":"https:\/\/vasaror.fi\/index.php?rest_route=\/wp\/v2\/users\/1"}],"replies":[{"embeddable":true,"href":"https:\/\/vasaror.fi\/index.php?rest_route=%2Fwp%2Fv2%2Fcomments&post=8"}],"version-history":[{"count":5,"href":"https:\/\/vasaror.fi\/index.php?rest_route=\/wp\/v2\/pages\/8\/revisions"}],"predecessor-version":[{"id":90,"href":"https:\/\/vasaror.fi\/index.php?rest_route=\/wp\/v2\/pages\/8\/revisions\/90"}],"wp:attachment":[{"href":"https:\/\/vasaror.fi\/index.php?rest_route=%2Fwp%2Fv2%2Fmedia&parent=8"}],"curies":[{"name":"wp","href":"https:\/\/api.w.org\/{rel}","templated":true}]}}